{"id":585,"date":"2015-10-29T22:31:09","date_gmt":"2015-10-29T21:31:09","guid":{"rendered":"http:\/\/grasa.cz\/superclovek\/muj-ucet\/"},"modified":"2015-10-30T01:09:00","modified_gmt":"2015-10-30T00:09:00","slug":"muj-ucet","status":"publish","type":"page","link":"https:\/\/grasa.cz\/superclovek\/muj-ucet\/","title":{"rendered":"M\u016fj \u00fa\u010det"},"content":{"rendered":"<div class=\"woocommerce\"><\/div>\n","protected":false},"excerpt":{"rendered":"","protected":false},"author":1,"featured_media":0,"parent":0,"menu_order":0,"comment_status":"closed","ping_status":"closed","template":"page-templates\/page-full-width.php","meta":{"footnotes":""},"_links":{"self":[{"href":"https:\/\/grasa.cz\/superclovek\/wp-json\/wp\/v2\/pages\/585"}],"collection":[{"href":"https:\/\/grasa.cz\/superclovek\/wp-json\/wp\/v2\/pages"}],"about":[{"href":"https:\/\/grasa.cz\/superclovek\/wp-json\/wp\/v2\/types\/page"}],"author":[{"embeddable":true,"href":"https:\/\/grasa.cz\/superclovek\/wp-json\/wp\/v2\/users\/1"}],"replies":[{"embeddable":true,"href":"https:\/\/grasa.cz\/superclovek\/wp-json\/wp\/v2\/comments?post=585"}],"version-history":[{"count":0,"href":"https:\/\/grasa.cz\/superclovek\/wp-json\/wp\/v2\/pages\/585\/revisions"}],"wp:attachment":[{"href":"https:\/\/grasa.cz\/superclovek\/wp-json\/wp\/v2\/media?parent=585"}],"curies":[{"name":"wp","href":"https:\/\/api.w.org\/{rel}","templated":true}]}}