{"id":589,"date":"2015-10-30T00:30:54","date_gmt":"2015-10-29T23:30:54","guid":{"rendered":"http:\/\/grasa.cz\/superclovek\/?page_id=589"},"modified":"2018-05-28T08:46:11","modified_gmt":"2018-05-28T07:46:11","slug":"obchodni-podminky","status":"publish","type":"page","link":"https:\/\/grasa.cz\/superclovek\/obchodni-podminky\/","title":{"rendered":"Obchodn\u00ed podm\u00ednky"},"content":{"rendered":"<h1><\/h1>\n<h2>Prod\u00e1vaj\u00edc\u00ed<\/h2>\n<p>Michal Turna<\/p>\n<p>Spojovac\u00ed II 119<br \/>\nNov\u00fd Vestec<br \/>\n250 75<br \/>\n\u010cesk\u00e1 Republika<\/p>\n<p>&nbsp;<\/p>\n<p>telefon: 732 967 121<\/p>\n<p>e-mail:\u00a0<a href=\"mailto:michal@grasa.cz\">michal@grasa.cz<\/a><br \/>\n<a href=\"http:\/\/grasa.cz\/superclovek\">http:\/\/grasa.cz\/superclovek<\/a><\/p>\n<p>I\u010c:\u00a087790254<br \/>\n\u010c\u00edslo bankovn\u00edho \u00fa\u010dtu: 1203212032\/3030<br \/>\nProd\u00e1vaj\u00edc\u00ed nen\u00ed pl\u00e1tcem DPH.<\/p>\n<h3><\/h3>\n<h2>Kupuj\u00edc\u00ed<\/h2>\n<p>\u201eKupuj\u00edc\u00ed\u201d je ob\u010dan \u010di pr\u00e1vn\u00ed subjekt, kter\u00fd s \u201cProd\u00e1vaj\u00edc\u00edm\u201d uzav\u0159el \u201cKupn\u00ed smlouvu\u201d t\u00edm, \u017ee u\u010dinil objedn\u00e1vku elektronick\u00e9 knihy.<br \/>\nVztahy kupuj\u00edc\u00edho a prod\u00e1vaj\u00edc\u00edho se \u0159\u00edd\u00ed t\u011bmito obchodn\u00edmi podm\u00ednkami, kter\u00e9 jsou pro ob\u011b strany z\u00e1vazn\u00e9, pokud nen\u00ed p\u00edsemn\u011b stanoveno jinak.<\/p>\n<h3><\/h3>\n<h3>\u010cl. I \u2013 \u00davodn\u00ed ustanoven\u00ed<\/h3>\n<p>1.1. Tyto obchodn\u00ed podm\u00ednky specifikuj\u00ed kupn\u00ed smlouvu ve smyslu \u00a7 409 a n\u00e1sl. z\u00e1kona \u010d. 513\/1991 Sb., obchodn\u00ed z\u00e1kon\u00edk, ve zn\u011bn\u00ed pozd\u011bj\u0161\u00edch p\u0159edpis\u016f (d\u00e1le jen obchodn\u00ed z\u00e1kon\u00edk), jej\u00edm\u017e p\u0159edm\u011bt je n\u00e1kup a prodej elektronick\u00e9 knihy Super\u010dlov\u011bk (d\u00e1le jen p\u0159edm\u011bt koup\u011b), kterou strany uzav\u00edraj\u00ed prost\u0159ednictv\u00edm webov\u00fdch str\u00e1nek <a href=\"http:\/\/grasa.cz\/superclovek\/\">http:\/\/grasa.cz\/superclovek<\/a><\/p>\n<p>1.2. Tyto obchodn\u00ed podm\u00ednky bl\u00ed\u017ee vymezuj\u00ed a up\u0159es\u0148uj\u00ed pr\u00e1va a povinnosti kupuj\u00edc\u00edch a prod\u00e1vaj\u00edc\u00edho, kter\u00fdm je\u00a0Michal Turna (Spojovac\u00ed II 119,\u00a0Nov\u00fd Vestec,\u00a0250 75,\u00a0\u010cesk\u00e1 Republika)<\/p>\n<p>V souladu s \u00a7 262 odst. 1 obchodn\u00edho z\u00e1kon\u00edku se smluvn\u00ed vztah \u0159\u00edd\u00ed v ot\u00e1zk\u00e1ch t\u011bmito obchodn\u00edmi podm\u00ednkami bl\u00ed\u017ee neupraven\u00fd obchodn\u00edm z\u00e1kon\u00edkem i v p\u0159\u00edpad\u011b, \u017ee kupuj\u00edc\u00edm je fyzick\u00e1 osoba-spot\u0159ebitel, t\u00edm nen\u00ed vylou\u010dena pr\u00e1vn\u00ed \u00faprava na ochranu spot\u0159ebitele, zejm\u00e9na ust. \u00a7\u00a7 51a \u2013 65 z\u00e1kona \u010d. 40\/1964 Sb., ob\u010dansk\u00fd z\u00e1kon\u00edk, ve zn\u011bn\u00ed pozd\u011bj\u0161\u00edch p\u0159edpis\u016f (d\u00e1le jen ob\u010dansk\u00fd z\u00e1kon\u00edk) a z\u00e1kona \u010d. 634\/1992 Sb., z\u00e1kon o ochran\u011b spot\u0159ebitele, ve zn\u011bn\u00ed pozd\u011bj\u0161\u00edch p\u0159edpis\u016f (d\u00e1le jen ZOS).<\/p>\n<p>1.3. P\u0159edm\u011bt koup\u011b je produktem du\u0161evn\u00edho vlastnictv\u00ed, a proto je zak\u00e1z\u00e1no jak\u00e9koliv jeho \u0161\u00ed\u0159en\u00ed nebo poskytov\u00e1n\u00ed t\u0159et\u00edm osob\u00e1m bez souhlasu autora.<br \/>\nUzav\u0159en\u00edm kupn\u00ed smlouvy kupuj\u00edc\u00ed p\u0159ij\u00edm\u00e1, \u017ee jak\u00e9koliv pou\u017eit\u00ed informac\u00ed z p\u0159edm\u011btu koup\u011b a \u00fasp\u011bchy \u010di ne\u00fasp\u011bchy z toho plynouc\u00ed, jsou pouze v rukou kupuj\u00edc\u00edho a auto\u0159i e-booku za n\u011b nenese \u017e\u00e1dnou odpov\u011bdnost. V p\u0159edm\u011btu koup\u011b m\u016f\u017ee kupuj\u00edc\u00ed naj\u00edt informace o produktech nebo slu\u017eb\u00e1ch t\u0159et\u00edch osob. Tyto \u00a0jsou pouze doporu\u010den\u00edm a vyj\u00e1d\u0159en\u00edm n\u00e1zoru k dan\u00e9 t\u00e9matice.<\/p>\n<h3><\/h3>\n<h3>\u010cl. II \u2013 Objedn\u00e1vka<\/h3>\n<p>2.1. Kupuj\u00edc\u00ed prohla\u0161uje, \u017ee se sezn\u00e1mil se v\u0161emi informacemi t\u00fdkaj\u00edc\u00edmi se objedn\u00e1vky, a to na adrese\u00a0<a href=\"http:\/\/grasa.cz\/superclovek\">http:\/\/grasa.cz\/superclovek<\/a>.<br \/>\nKupuj\u00edc\u00ed objedn\u00e1v\u00e1 p\u0159edm\u011bt koup\u011b vypln\u011bn\u00edm elektronick\u00e9ho formul\u00e1\u0159e objedn\u00e1vky.\u00a0Kupuj\u00edc\u00ed je povinen objedn\u00e1vku p\u0159ed jej\u00edm odesl\u00e1n\u00edm zkontrolovat a p\u0159\u00edpadn\u011b opravit.<\/p>\n<div id=\"\">\n<p>Odeslan\u00e1 objedn\u00e1vka je pr\u00e1vn\u011b z\u00e1vazn\u00e1 a kupuj\u00edc\u00edmu a prod\u00e1vaj\u00edc\u00edmu vznikaj\u00ed vz\u00e1jemn\u00e1 pr\u00e1va a povinnosti, tj. prod\u00e1vaj\u00edc\u00ed se zavazuje poskytnout kupuj\u00edc\u00edmu p\u0159edm\u011bt koup\u011b a kupuj\u00edc\u00ed se zavazuje uhradit kupn\u00ed cenu.<\/p>\n<p>Kupuj\u00edc\u00ed odesl\u00e1n\u00edm objedn\u00e1vky stvrzuje, \u017ee se sezn\u00e1mil s obchodn\u00edmi podm\u00ednkami pro n\u00e1kup na webov\u00e9 str\u00e1nce\u00a0<a href=\"http:\/\/grasa.cz\/superclovek\/obchodni-podminky\/\">http:\/\/grasa.cz\/superclovek\/obchodni-podminky\/<\/a>, a \u017ee s nimi souhlas\u00ed.<\/p>\n<p>Tyto obchodn\u00ed podm\u00ednky, kter\u00e9 jsou z\u00e1rove\u0148 zve\u0159ejn\u011bn\u00e9 na webov\u00fdch str\u00e1nk\u00e1ch prod\u00e1vaj\u00edc\u00edho jsou ned\u00edlnou sou\u010d\u00e1st\u00ed kupn\u00ed smlouvy, kter\u00e1 je uzav\u0159ena vypln\u011bn\u00edm a odesl\u00e1n\u00edm objedn\u00e1vky.<br \/>\n2.2. Po proveden\u00ed objedn\u00e1vky, V\u00e1m bude obratem odesl\u00e1no e-mailem potvrzen\u00ed o jej\u00edm za\u0159azen\u00ed do syst\u00e9mu. Ve\u0161ker\u00e9 objedn\u00e1vky podan\u00e9 v\u00fd\u0161e uveden\u00fdmi zp\u016fsoby jsou z\u00e1vazn\u00e9.<\/p>\n<p>2.3. V p\u0159\u00edpad\u011b nespokojenosti s produktem m\u00e1 kupuj\u00edc\u00ed n\u00e1rok na odstoupen\u00ed od smlouvy (= vr\u00e1cen\u00ed pen\u011bz) do 30 dn\u016f od zakoupen\u00ed zbo\u017e\u00ed. Pro zah\u00e1jen\u00ed procesu mne kontaktujte na <a href=\"mailto:michal@grasa.cz\">michal@grasa.cz<\/a>\u00a0&#8211; do 48 hodin (zpravidla v\u0161ak v \u0159\u00e1du jednotek hodin) v\u00e1s budu kontaktovat zp\u011bt prost\u0159ednictv\u00edm elektronick\u00e9 po\u0161ty.<\/p>\n<h3><\/h3>\n<h3>\u010cl. III \u2013 Kupn\u00ed cena, da\u0148ov\u00fd doklad<\/h3>\n<p>3.1. Na webov\u00e9 adrese\u00a0<a href=\"http:\/\/grasa.cz\/superclovek\/\">http:\/\/grasa.cz\/superclovek\/<\/a>\u00a0najdete v\u0161echny ceny slu\u017eeb\u00a0koncov\u00e9.\u00a0Prod\u00e1vaj\u00edc\u00ed nen\u00ed pl\u00e1tcem DPH.<br \/>\n3.2. Faktura: Ohledn\u011b plateb prov\u00e1d\u011bn\u00fdch na z\u00e1klad\u011b kupn\u00ed smlouvy vystav\u00ed prod\u00e1vaj\u00edc\u00ed kupuj\u00edc\u00edmu da\u0148ov\u00fd doklad-fakturu, kter\u00fd slou\u017e\u00ed jako doklad o zakoupen\u00ed zbo\u017e\u00ed.<\/p>\n<h3>\u010cl. IV \u2013 Zp\u016fsob a forma platby<\/h3>\n<p>4.1. Zp\u016fsob platby:<br \/>\nPlatebn\u00ed metody jsou napojeny na platebn\u00ed br\u00e1nu spole\u010dnosti PayPal, kter\u00e1 poskytuje zabezpe\u010denou technologii p\u0159ij\u00edm\u00e1n\u00ed platebn\u00edch karet a online bankovn\u00edch p\u0159evod\u016f. \u010c\u00edsla platebn\u00edch karet, kreditn\u00edch karet a hesla k elektronick\u00e9mu bankovnictv\u00ed zad\u00e1v\u00e1te pomoc\u00ed zabezpe\u010den\u00e9ho a d\u016fv\u011bryhodn\u00e9ho kan\u00e1lu spole\u010dnosti\u00a0PayPal.<\/p>\n<p>4.2. Mo\u017enosti plateb:<br \/>\nOnline platebn\u00ed kartou: VISA, VISA electron, MasterCard, Maestro.<\/p>\n<p>4.3. Forma platby:<br \/>\nPlatba se d\u011bje jednor\u00e1zov\u011b, co\u017e znamen\u00e1, \u017ee kupuj\u00edc\u00ed bude vyzv\u00e1n k zaplacen\u00ed ihned po odesl\u00e1n\u00ed objedn\u00e1vkov\u00e9ho formul\u00e1\u0159e.<\/p>\n<h3>\u010cl. V. \u2013 Ochrana osobn\u00edch \u00fadaj\u016f<\/h3>\n<p>8.1. Prohl\u00e1\u0161en\u00ed prod\u00e1vaj\u00edc\u00edho: Michal Turna\u00a0se zavazuje pln\u011b respektovat d\u016fv\u011brn\u00fd charakter osobn\u00edch a firemn\u00edch dat kupuj\u00edc\u00edho, kter\u00e1 jsou zabezpe\u010dena proti neautorizovan\u00e9mu p\u0159\u00edstupu a chr\u00e1n\u011bna proti zneu\u017eit\u00ed.<\/p>\n<p>\u00dadaje, kter\u00e9 zad\u00e1v\u00e1te v objedn\u00e1vce jsou nezbytn\u00e9 pro identifikaci kupuj\u00edc\u00edho. Jsou pou\u017eity k realizaci cel\u00e9ho obchodu, v\u010detn\u011b nezbytn\u00fdch \u00fa\u010detn\u00edch operac\u00ed, vystaven\u00ed da\u0148ov\u00fdch doklad\u016f, identifikaci bezhotovostn\u00edch plateb a pro komunikaci s kupuj\u00edc\u00edm.<\/p>\n<p>8.2. Detailn\u00ed osobn\u00ed data i \u00fadaje o n\u00e1kupech kupuj\u00edc\u00edho jsou ukl\u00e1d\u00e1ny v datab\u00e1zi s p\u0159\u00edsn\u00fdm zabezpe\u010den\u00edm proti zneu\u017eit\u00ed.<\/p>\n<p>8.3. Dodavatel m\u016f\u017ee kupuj\u00edc\u00edmu sd\u011blovat emailem obchodn\u00ed sd\u011blen\u00ed s novinkami, nab\u00eddkami a inzerc\u00ed.<\/p>\n<h3>\u010cl. VI \u2013 Z\u00e1v\u011bre\u010dn\u00e1 ustanoven\u00ed<\/h3>\n<p>9.1. Tyto obchodn\u00ed podm\u00ednky nab\u00fdvaj\u00ed \u00fa\u010dinnosti dne 25.5.2018. Informace jsou sd\u011blov\u00e1ny prost\u0159ednictv\u00edm webov\u00fdch str\u00e1nek <a href=\"http:\/\/grasa.cz\/superclovek\/\">http:\/\/grasa.cz\/superclovek<\/a>, pop\u0159\u00edpad\u011b dal\u0161\u00edmi informa\u010dn\u00edmi kan\u00e1ly.<\/p>\n<p>Prod\u00e1vaj\u00edc\u00ed Michal Turna si vyhrazuje pr\u00e1vo na zm\u011bnu t\u011bchto obchodn\u00edch podm\u00ednek.\u00a0Ka\u017ed\u00e1 nov\u00e1 verze obchodn\u00edch podm\u00ednek je dostupn\u00e1 na webov\u00fdch str\u00e1nk\u00e1ch <a href=\"http:\/\/grasa.cz\/superclovek\/obchodni-podminky\/\">http:\/\/grasa.cz\/superclovek\/obchodni-podminky\/<\/a>\u00a0a je ozna\u010dena datem \u00fa\u010dinnosti. Ve\u0161ker\u00e9 objedn\u00e1vky se v\u017edy \u0159\u00edd\u00ed aktu\u00e1ln\u00ed verz\u00ed obchodn\u00edch podm\u00ednek.<\/p>\n<\/div>\n<p>&nbsp;<\/p>\n","protected":false},"excerpt":{"rendered":"<p class=\"excerpt\">Prod\u00e1vaj\u00edc\u00ed Michal Turna Spojovac\u00ed II 119 Nov\u00fd Vestec 250 75 \u010cesk\u00e1 Republika &nbsp; telefon: 732 967 121 e-mail:\u00a0michal@grasa.cz http:\/\/grasa.cz\/superclovek I\u010c:\u00a087790254 \u010c\u00edslo bankovn\u00edho \u00fa\u010dtu: 1203212032\/3030 Prod\u00e1vaj\u00edc\u00ed nen\u00ed pl\u00e1tcem DPH. Kupuj\u00edc\u00ed \u201eKupuj\u00edc\u00ed\u201d je ob\u010dan \u010di pr\u00e1vn\u00ed subjekt, kter\u00fd s \u201cProd\u00e1vaj\u00edc\u00edm\u201d uzav\u0159el \u201cKupn\u00ed smlouvu\u201d t\u00edm, \u017ee u\u010dinil objedn\u00e1vku elektronick\u00e9 knihy. Vztahy kupuj\u00edc\u00edho a prod\u00e1vaj\u00edc\u00edho se \u0159\u00edd\u00ed t\u011bmito obchodn\u00edmi [&hellip;]<\/p>\n","protected":false},"author":1,"featured_media":0,"parent":0,"menu_order":0,"comment_status":"closed","ping_status":"closed","template":"","meta":{"footnotes":""},"_links":{"self":[{"href":"https:\/\/grasa.cz\/superclovek\/wp-json\/wp\/v2\/pages\/589"}],"collection":[{"href":"https:\/\/grasa.cz\/superclovek\/wp-json\/wp\/v2\/pages"}],"about":[{"href":"https:\/\/grasa.cz\/superclovek\/wp-json\/wp\/v2\/types\/page"}],"author":[{"embeddable":true,"href":"https:\/\/grasa.cz\/superclovek\/wp-json\/wp\/v2\/users\/1"}],"replies":[{"embeddable":true,"href":"https:\/\/grasa.cz\/superclovek\/wp-json\/wp\/v2\/comments?post=589"}],"version-history":[{"count":5,"href":"https:\/\/grasa.cz\/superclovek\/wp-json\/wp\/v2\/pages\/589\/revisions"}],"predecessor-version":[{"id":1466,"href":"https:\/\/grasa.cz\/superclovek\/wp-json\/wp\/v2\/pages\/589\/revisions\/1466"}],"wp:attachment":[{"href":"https:\/\/grasa.cz\/superclovek\/wp-json\/wp\/v2\/media?parent=589"}],"curies":[{"name":"wp","href":"https:\/\/api.w.org\/{rel}","templated":true}]}}