{"id":591,"date":"2015-10-30T00:31:13","date_gmt":"2015-10-29T23:31:13","guid":{"rendered":"http:\/\/grasa.cz\/superclovek\/?page_id=591"},"modified":"2015-10-30T12:20:50","modified_gmt":"2015-10-30T11:20:50","slug":"obchodni-podminky-affiliate","status":"publish","type":"page","link":"https:\/\/grasa.cz\/superclovek\/obchodni-podminky-affiliate\/","title":{"rendered":"Obchodn\u00ed podm\u00ednky &#8211; affiliate"},"content":{"rendered":"<h1><\/h1>\n<h2>Poskytovatel\u00a0affiliate programu:<\/h2>\n<p>Michal Turna<\/p>\n<p>Spojovac\u00ed II 119<br \/>\nNov\u00fd Vestec<br \/>\n250 75<br \/>\n\u010cesk\u00e1 Republika<\/p>\n<p>e-mail:\u00a0<a href=\"mailto:michal@grasa.cz\">michal@grasa.cz<\/a><br \/>\n<a href=\"http:\/\/grasa.cz\/superclovek\">http:\/\/grasa.cz\/superclovek<\/a><\/p>\n<p>I\u010c:\u00a087790254<br \/>\n\u010c\u00edslo bankovn\u00edho \u00fa\u010dtu: 1203212032<br \/>\nProd\u00e1vaj\u00edc\u00ed nen\u00ed pl\u00e1tcem DPH.<\/p>\n<p>Tyto obchodn\u00ed podm\u00ednky upravuj\u00ed vztah mezi poskytovatelem na stran\u011b jedn\u00e9 a partnerem na stran\u011b druh\u00e9. Partnerem se rozum\u00ed pr\u00e1vnick\u00e1 \u010di fyzick\u00e1 osoba, kter\u00e1 se registrovala do provizn\u00edho programu poskytovatele prost\u0159ednictv\u00edm webov\u00fdch str\u00e1nek\u00a0<a href=\"http:\/\/grasa.cz\/superclovek\/\">http:\/\/grasa.cz\/superclovek\/<\/a><\/p>\n<p><strong>Registrac\u00ed do provizn\u00edho programu potvrzuje partner i poskytovatel provizn\u00edho programu sv\u016fj\u00a0z\u00e1vazek \u0159\u00eddit se t\u011bmito Obchodn\u00edmi podm\u00ednkami.<\/strong><\/p>\n<h3>1. Obecn\u00e9 podm\u00ednky<\/h3>\n<p>1.1 Provizn\u00ed program provozuje fyzick\u00e1 osoba Michal Turna, d\u00e1le jen Poskytovatel.<\/p>\n<p>1.2 Z\u00e1jemce, kter\u00fd se registruje do provizn\u00edho programu se naz\u00fdv\u00e1 partner, d\u00e1le jen Partner.<\/p>\n<p>1.3 Partner propaguje slu\u017eby \u010di zbo\u017e\u00ed Poskytovatele sv\u00fdmi marketingov\u00fdmi aktivitami (osobn\u011b, vlastn\u00edmi obchodn\u00edmi aktivitami, reklamou, na sv\u00fdch internetov\u00fdch str\u00e1nk\u00e1ch) a vyu\u017e\u00edv\u00e1 postupy, podklady a informace Poskytovatele (prodejn\u00ed manu\u00e1ly a argumenty, bannery, ikonky, textov\u00e9 odkazy apod.).<\/p>\n<h3>2. Pr\u00e1va a povinnosti Partnera<\/h3>\n<p>2.1 Partner prohla\u0161uje, \u017ee p\u0159i registraci poskytnut\u00e9 \u00fadaje k jeho osob\u011b a adrese souhlas\u00ed, a \u017ee je plnolet\u00fd a pln\u011b zp\u016fsobil\u00fd k pr\u00e1vn\u00edm \u00fakon\u016fm. Partner souhlas\u00ed s archivac\u00ed j\u00edm poskytnut\u00fdch osobn\u00edch \u00fadaj\u016f, kter\u00e9 budou vyu\u017eity jen v souvislosti s provozem <a href=\"http:\/\/grasa.cz\/superclovek\/affiliate\/\">http:\/\/grasa.cz\/superclovek\/affiliate\/<\/a> a souhlas\u00ed se zas\u00edl\u00e1n\u00edm obchodn\u00edch sd\u011blen\u00ed Poskytovatele.<\/p>\n<p>2.2 Partner sm\u00ed po\u017e\u00e1dat o ukon\u010den\u00ed partnerstv\u00ed kdykoliv b\u011bhem sv\u00e9ho \u010dlenstv\u00ed v partnersk\u00e9m programu. Pokud tak u\u010din\u00ed, bude mu do jednoho m\u011bs\u00edce vyplacena odm\u011bna za schv\u00e1len\u00e9 provize do dne, kdy po\u017e\u00e1dal o ukon\u010den\u00ed sv\u00e9ho \u010dlenstv\u00ed.<\/p>\n<p>2.3 Partner je povinen chr\u00e1nit sv\u00e9 p\u0159\u00edstupov\u00e9 \u00fadaje k provizn\u00edmu software p\u0159ed zneu\u017eit\u00edm t\u0159et\u00ed stranou.<\/p>\n<p>2.4 Partner si nesm\u00ed objednat zbo\u017e\u00ed, \u010di slu\u017eby Poskytovatele p\u0159es sv\u016fj vlastn\u00ed provizn\u00ed odkaz. Pokud tak u\u010din\u00ed, nem\u00e1 n\u00e1rok na vzniklou provizi.<\/p>\n<p>2.5 Partner sm\u00ed k propagaci vyu\u017e\u00edt textov\u00fdch a obrazov\u00fdch materi\u00e1l\u016f Poskytovatele, kter\u00e9 jsou mu za t\u00edmto \u00fa\u010delem poskytnuty.<\/p>\n<p>2.6\u00a0<strong>P\u0159\u00edsn\u011b zak\u00e1z\u00e1no<\/strong>\u00a0je zas\u00edl\u00e1n\u00ed nekal\u00e9 reklamy (spamu) prost\u0159ednictv\u00edm diskusn\u00edch skupin, e\u2010mailov\u00fdch zpr\u00e1v, SMS, faxu nebo po\u0161ty jako\u017eto i ostatn\u00edch telekomunika\u010dn\u00edch prost\u0159edk\u016f.<\/p>\n<p><strong>Partner se zavazuje<\/strong>, \u017ee jeho internetov\u00e1 str\u00e1nka neobsahuje \u017e\u00e1dn\u00fd materi\u00e1l nebo odkaz na n\u011bj, kter\u00fd je nez\u00e1konn\u00fd, po\u0161kozuje autorsk\u00e1 pr\u00e1va, pr\u00e1va k ochrann\u00fdm zn\u00e1mk\u00e1m a patent\u016fm, obchodn\u00edm jm\u00e9n\u016fm a pr\u00e1v\u016fm souvisej\u00edc\u00edm. Partner je povinen nepodniknout nic, co by\u00a0po\u0161kozovalo dobr\u00e9 jm\u00e9no Poskytovatele. Pokud bude Poskytovatelem zji\u0161t\u011bna takov\u00e1to aktivita Partnera, m\u016f\u017ee to v\u00e9st k okam\u017eit\u00e9mu ukon\u010den\u00ed partnersk\u00e9 spolupr\u00e1ce a uzav\u0159en\u00ed \u00fa\u010dtu Partnera. Partner t\u00edmto tak\u00e9\u00a0<strong>ztr\u00e1c\u00ed jak\u00fdkoliv n\u00e1rok na provize<\/strong>, kter\u00e9 mu dosud nebyly vyplaceny.<\/p>\n<p>2.7 Partner nesm\u00ed na sv\u00fdch str\u00e1nk\u00e1ch uv\u00e1d\u011bt jin\u00e9 prodejn\u00ed ceny ne\u017e ty, kter\u00e9 jsou uv\u00e1d\u011bny na str\u00e1nk\u00e1ch Poskytovatele.<\/p>\n<p>2.8 Poskytnut\u00e1 reklamn\u00ed grafika je chr\u00e1n\u011bna autorsk\u00fdm z\u00e1konem a sm\u00ed b\u00fdt pou\u017eita pouze v nezm\u011bn\u011bn\u00e9 form\u011b a pouze k propagaci slu\u017eeb Partnera. Partner m\u016f\u017ee pou\u017e\u00edvat jinou grafiku pouze po p\u0159edchoz\u00ed domluv\u011b s Partnerem.<\/p>\n<p>2.9 Pokud se Poskytovatel dozv\u00ed o protipr\u00e1vn\u00edm jedn\u00e1n\u00ed Partnera, dovoluje Partner Poskytovateli vyd\u00e1n\u00ed v\u0161ech jeho uveden\u00fdch osobn\u00edch \u00fadaj\u016f p\u0159\u00edslu\u0161n\u00fdm vy\u0161et\u0159ovac\u00edm org\u00e1n\u016fm.<\/p>\n<h3>3. Pr\u00e1va a povinnosti Poskytovatele<\/h3>\n<p>3.1 Poskytovatel m\u00e1 bez p\u0159edchoz\u00edho ozn\u00e1men\u00ed pr\u00e1vo tyto podm\u00ednky zm\u011bnit. O zm\u011bn\u011b bude informovat registrovan\u00e9 Partnery e\u00admailem. Zm\u011bn\u011bn\u00e9 podm\u00ednky jsou pova\u017eov\u00e1ny za dohodnut\u00e9 od okam\u017eiku jejich uve\u0159ejn\u011bn\u00ed. Pokud Partner s nejnov\u011bj\u0161\u00ed verz\u00ed podm\u00ednek nesouhlas\u00ed, je povinen \u00fa\u010dast ukon\u010dit a to zasl\u00e1n\u00edm e\u00admailu Poskytovateli na e\u00admail <a href=\"mailto:michal@grasa.cz\">michal@grasa.cz<\/a>\u00a0s \u017e\u00e1dost\u00ed o ukon\u010den\u00ed spolupr\u00e1ce.<\/p>\n<p>3.2 Poskytovatel nenese odpov\u011bdnost za p\u0159\u00edpadnou \u0161kodu zp\u016fsobenou propagac\u00ed program\u016f zapojen\u00fdch v provizn\u00edm programu.<\/p>\n<p>3.3. Poskytovatel se zavazuje Partnerovi vyplatit provizi za j\u00edm uskute\u010dn\u011bn\u00e9 konverze.<\/p>\n<h3>4. Provize<\/h3>\n<p>4.1 N\u00e1rok na provizi Partnerovi vznik\u00e1:<\/p>\n<p>4.1.1 kdy\u017e n\u00e1v\u0161t\u011bvn\u00edk p\u0159ejde prost\u0159ednictv\u00edm partnersk\u00e9ho odkazu ze str\u00e1nky Partnera na str\u00e1nky Poskytovatele a aktivuje si\/objedn\u00e1 slu\u017ebu\/zbo\u017e\u00ed Poskytovatele.<\/p>\n<p>Samotn\u00e1 provize je Partnerovi p\u0159ips\u00e1na a\u017e ve chv\u00edli, kdy bude objednan\u00e1 slu\u017eba z\u00e1kazn\u00edkem uhrazena na \u00fa\u010det Poskytovatele a ne d\u0159\u00edve ne\u017e 30 dn\u00ed od n\u00e1kupu slu\u017eby\/zbo\u017e\u00ed.<\/p>\n<p>4.2 Za zru\u0161en\u00e9, \u010di stornovan\u00e9 objedn\u00e1vky nevznik\u00e1 Partnerovi n\u00e1rok na provizi.<\/p>\n<p>4.3 Aktu\u00e1ln\u00ed v\u00fd\u0161e provize je uvedena na webov\u00fdch str\u00e1nk\u00e1ch <a href=\"http:\/\/grasa.cz\/superclovek\/affiliate\/\">http:\/\/grasa.cz\/superclovek\/affiliate\/<\/a><\/p>\n<p>4.4 Poskytovatel si vyhrazuje pr\u00e1vo m\u011bnit v\u00fd\u0161i proviz\u00ed bez p\u0159edchoz\u00edho upozorn\u011bn\u00ed. Nov\u00e1 v\u00fd\u0161e proviz\u00ed je Partnerovi oznamov\u00e1na prost\u0159ednictv\u00edm e\u00admailu uveden\u00e9ho p\u0159i registraci a je tak\u00e9 zve\u0159ejn\u011bna na <a href=\"http:\/\/grasa.cz\/superclovek\/affiliate\/\">http:\/\/grasa.cz\/superclovek\/affiliate\/<\/a><\/p>\n<p>4.5 Vy\u00fa\u010dtov\u00e1n\u00ed proviz\u00ed se prov\u00e1d\u00ed na z\u00e1klad\u011b \u017e\u00e1dosti Partnera, maxim\u00e1ln\u011b 1x m\u011bs\u00ed\u010dn\u011b.\u00a0Minim\u00e1ln\u00ed \u010d\u00e1stka pro vyplacen\u00ed provize je 1000\u00a0K\u010d. Celkov\u00e1 \u010d\u00e1stka provize k vyplacen\u00ed je ozn\u00e1mena Partnerovi na str\u00e1nk\u00e1ch <a href=\"http:\/\/grasa.cz\/superclovek\/affiliate-zona\/\">http:\/\/grasa.cz\/superclovek\/affiliate-zona\/<\/a>po p\u0159ihl\u00e1\u0161en\u00ed do syst\u00e9mu.<\/p>\n<p>4.6 Poskytovatel pouk\u00e1\u017ee vyfakturovan\u00e9 \u010d\u00e1stky na \u00fa\u010det Partnera. Za \u00fa\u010delem \u00fahrady provize je Partner povinen sd\u011blit p\u0159i \u017e\u00e1dosti o vyplacen\u00ed provize \u010d\u00edslo \u00fa\u010dtu, kam m\u00e1 b\u00fdt provize zas\u00edl\u00e1na.<\/p>\n<p>4.7 Pokud je Partner podnikatelem, je povinen vystavit na provizi p\u0159ed jej\u00edm vyplacen\u00edm fakturu. Splatnost faktury vystaven\u00e9 Partnerem je 14 dn\u00ed. Partner je povinen vystavit fakturu za propagaci v rozli\u0161en\u00ed proviz\u00ed za jednotliv\u00e9 produkty. Pokud Partner nem\u016f\u017ee vystavit fakturu, bude mu jeho provize vyplacena na z\u00e1klad\u011b smlouvy o d\u00edlo.<\/p>\n<p>4.8. \u00dadaje pro fakturaci:\u00a0Michal Turna,\u00a0Spojovac\u00ed II 119,\u00a0Nov\u00fd Vestec\u00a0250 75,\u00a0\u010cesk\u00e1 Republika,\u00a0I\u010c:\u00a087790254.\u00a0Prod\u00e1vaj\u00edc\u00ed nen\u00ed pl\u00e1tcem DPH.<\/p>\n<h3>5. Doba trv\u00e1n\u00ed, ukon\u010den\u00ed spolupr\u00e1ce<\/h3>\n<p>a) Toto partnerstv\u00ed se uzav\u00edr\u00e1 na dobu neur\u010ditou.<\/p>\n<p>b) Poskytovatel je opr\u00e1vn\u011bn od partnerstv\u00ed odstoupit okam\u017eit\u011b v p\u0159\u00edpad\u011b, \u017ee Partner poru\u0161\u00ed n\u011bkterou z povinnost\u00ed uveden\u00fdch v t\u00e9to dohod\u011b.<\/p>\n<p>c) Zm\u011bny nebo dopl\u0148ky t\u00e9to smlouvy jsou \u00fa\u010dinn\u00e9 pouze tehdy, pokud byly p\u0159ijaty v p\u00edsemn\u00e9 podob\u011b.<\/p>\n<p>d) Vypov\u011bzen\u00ed partnerstv\u00ed Partnerem i Poskytovatelem je mo\u017en\u00e9 kdykoli a bez uveden\u00ed d\u016fvod\u016f.<\/p>\n<h3>6. Ostatn\u00ed ujedn\u00e1n\u00ed<\/h3>\n<p>6.1 Poskytovatel je opr\u00e1vn\u011bn kdykoli pozastavit nebo omezit zobrazov\u00e1n\u00ed reklamy um\u00edst\u011bn\u00e9 na internetov\u00e9 str\u00e1nce Partnera a d\u00e1le je opr\u00e1vn\u011bn kdykoli zm\u011bnit obsah a podobu t\u00e9to reklamy.<\/p>\n<p>6.2 Partner nesm\u00ed po dobu 1 roku po ukon\u010den\u00ed smlouvy vykon\u00e1vat na vlastn\u00ed nebo na ciz\u00ed \u00fa\u010det \u010dinnost, kter\u00e1 byla p\u0159edm\u011btem obchodn\u00edho zastoupen\u00ed, nebo jinou \u010dinnost, kter\u00e1 by m\u011bla sout\u011b\u017en\u00ed povahu v\u016f\u010di podnik\u00e1n\u00ed Poskytovatele.<\/p>\n<p>6.3 Poskytovatel neodpov\u00edd\u00e1 za \u0161kodu zp\u016fsobenou selh\u00e1n\u00edm, chybou nebo v\u00fdpadkem on\u2010line syst\u00e9mu a internetov\u00e9 s\u00edt\u011b.<\/p>\n<p>6.4 Poskytovatel d\u00e1le neodpov\u00edd\u00e1 za \u0161kodu zp\u016fsobenou \u010dinnost\u00ed nebo ne\u010dinnost\u00ed t\u0159et\u00edch osob.<\/p>\n<h3>7. Ochrana osobn\u00edch \u00fadaj\u016f<\/h3>\n<p>7.1 Poskytovatel prohla\u0161uje, \u017ee data budou chr\u00e1n\u011bna v souladu s p\u0159\u00edslu\u0161n\u00fdmi ustanoven\u00edmi z\u00e1kona \u010d.101\/2000 Sb., o ochran\u011b osobn\u00edch \u00fadaj\u016f, v platn\u00e9m zn\u011bn\u00ed.<\/p>\n<p>7.2 Partne\u0159i, kte\u0159\u00ed se registrovali do partnersk\u00e9ho programu souhlas\u00ed se zas\u00edl\u00e1n\u00edm e\u00admailov\u00fdch zpr\u00e1v, kter\u00e9 budou slou\u017eit k zas\u00edl\u00e1n\u00ed novinek a informac\u00ed souvisej\u00edc\u00edch s kampan\u011bmi v provizn\u00edm programu, \u010di s p\u0159edm\u011btem podnik\u00e1n\u00ed Poskytovatele.<\/p>\n<p>Tyto obchodn\u00ed podm\u00ednky jsou platn\u00e9 od 25.10.2015<\/p>\n","protected":false},"excerpt":{"rendered":"<p class=\"excerpt\">Poskytovatel\u00a0affiliate programu: Michal Turna Spojovac\u00ed II 119 Nov\u00fd Vestec 250 75 \u010cesk\u00e1 Republika e-mail:\u00a0michal@grasa.cz http:\/\/grasa.cz\/superclovek I\u010c:\u00a087790254 \u010c\u00edslo bankovn\u00edho \u00fa\u010dtu: 1203212032 Prod\u00e1vaj\u00edc\u00ed nen\u00ed pl\u00e1tcem DPH. Tyto obchodn\u00ed podm\u00ednky upravuj\u00ed vztah mezi poskytovatelem na stran\u011b jedn\u00e9 a partnerem na stran\u011b druh\u00e9. Partnerem se rozum\u00ed pr\u00e1vnick\u00e1 \u010di fyzick\u00e1 osoba, kter\u00e1 se registrovala do provizn\u00edho programu poskytovatele prost\u0159ednictv\u00edm webov\u00fdch [&hellip;]<\/p>\n","protected":false},"author":1,"featured_media":0,"parent":0,"menu_order":0,"comment_status":"closed","ping_status":"closed","template":"page-templates\/page-full-width.php","meta":{"footnotes":""},"_links":{"self":[{"href":"https:\/\/grasa.cz\/superclovek\/wp-json\/wp\/v2\/pages\/591"}],"collection":[{"href":"https:\/\/grasa.cz\/superclovek\/wp-json\/wp\/v2\/pages"}],"about":[{"href":"https:\/\/grasa.cz\/superclovek\/wp-json\/wp\/v2\/types\/page"}],"author":[{"embeddable":true,"href":"https:\/\/grasa.cz\/superclovek\/wp-json\/wp\/v2\/users\/1"}],"replies":[{"embeddable":true,"href":"https:\/\/grasa.cz\/superclovek\/wp-json\/wp\/v2\/comments?post=591"}],"version-history":[{"count":0,"href":"https:\/\/grasa.cz\/superclovek\/wp-json\/wp\/v2\/pages\/591\/revisions"}],"wp:attachment":[{"href":"https:\/\/grasa.cz\/superclovek\/wp-json\/wp\/v2\/media?parent=591"}],"curies":[{"name":"wp","href":"https:\/\/api.w.org\/{rel}","templated":true}]}}