{"id":602,"date":"2015-10-30T00:40:59","date_gmt":"2015-10-29T23:40:59","guid":{"rendered":"http:\/\/grasa.cz\/superclovek\/?post_type=product&#038;p=602"},"modified":"2016-03-04T08:58:08","modified_gmt":"2016-03-04T07:58:08","slug":"e-book-superclovek-a-5-bonusu","status":"publish","type":"product","link":"https:\/\/grasa.cz\/superclovek\/produkt\/e-book-superclovek-a-5-bonusu\/","title":{"rendered":"e-book Super\u010dlov\u011bk a 5 bonus\u016f"},"content":{"rendered":"","protected":false},"excerpt":{"rendered":"","protected":false},"featured_media":647,"comment_status":"closed","ping_status":"closed","template":"","meta":[],"product_cat":[35],"product_tag":[],"_links":{"self":[{"href":"https:\/\/grasa.cz\/superclovek\/wp-json\/wp\/v2\/product\/602"}],"collection":[{"href":"https:\/\/grasa.cz\/superclovek\/wp-json\/wp\/v2\/product"}],"about":[{"href":"https:\/\/grasa.cz\/superclovek\/wp-json\/wp\/v2\/types\/product"}],"replies":[{"embeddable":true,"href":"https:\/\/grasa.cz\/superclovek\/wp-json\/wp\/v2\/comments?post=602"}],"wp:featuredmedia":[{"embeddable":true,"href":"https:\/\/grasa.cz\/superclovek\/wp-json\/wp\/v2\/media\/647"}],"wp:attachment":[{"href":"https:\/\/grasa.cz\/superclovek\/wp-json\/wp\/v2\/media?parent=602"}],"wp:term":[{"taxonomy":"product_cat","embeddable":true,"href":"https:\/\/grasa.cz\/superclovek\/wp-json\/wp\/v2\/product_cat?post=602"},{"taxonomy":"product_tag","embeddable":true,"href":"https:\/\/grasa.cz\/superclovek\/wp-json\/wp\/v2\/product_tag?post=602"}],"curies":[{"name":"wp","href":"https:\/\/api.w.org\/{rel}","templated":true}]}}