{"id":794,"date":"2015-12-02T16:53:52","date_gmt":"2015-12-02T15:53:52","guid":{"rendered":"http:\/\/grasa.cz\/superclovek\/?post_type=product&#038;p=794"},"modified":"2016-03-03T13:47:55","modified_gmt":"2016-03-03T12:47:55","slug":"poukaz-na-e-book-superclovek-a-5-bonusu","status":"publish","type":"product","link":"https:\/\/grasa.cz\/superclovek\/produkt\/poukaz-na-e-book-superclovek-a-5-bonusu\/","title":{"rendered":"Poukaz na e-book Super\u010dlov\u011bk a 5 bonus\u016f"},"content":{"rendered":"","protected":false},"excerpt":{"rendered":"","protected":false},"featured_media":647,"comment_status":"closed","ping_status":"closed","template":"","meta":[],"product_cat":[35],"product_tag":[23],"_links":{"self":[{"href":"https:\/\/grasa.cz\/superclovek\/wp-json\/wp\/v2\/product\/794"}],"collection":[{"href":"https:\/\/grasa.cz\/superclovek\/wp-json\/wp\/v2\/product"}],"about":[{"href":"https:\/\/grasa.cz\/superclovek\/wp-json\/wp\/v2\/types\/product"}],"replies":[{"embeddable":true,"href":"https:\/\/grasa.cz\/superclovek\/wp-json\/wp\/v2\/comments?post=794"}],"wp:featuredmedia":[{"embeddable":true,"href":"https:\/\/grasa.cz\/superclovek\/wp-json\/wp\/v2\/media\/647"}],"wp:attachment":[{"href":"https:\/\/grasa.cz\/superclovek\/wp-json\/wp\/v2\/media?parent=794"}],"wp:term":[{"taxonomy":"product_cat","embeddable":true,"href":"https:\/\/grasa.cz\/superclovek\/wp-json\/wp\/v2\/product_cat?post=794"},{"taxonomy":"product_tag","embeddable":true,"href":"https:\/\/grasa.cz\/superclovek\/wp-json\/wp\/v2\/product_tag?post=794"}],"curies":[{"name":"wp","href":"https:\/\/api.w.org\/{rel}","templated":true}]}}